{"id":5473,"date":"2021-04-08T19:04:00","date_gmt":"2021-04-08T19:04:00","guid":{"rendered":"http:\/\/wptf.themepul.com\/restly\/?page_id=13"},"modified":"2023-12-08T17:52:19","modified_gmt":"2023-12-08T16:52:19","slug":"home","status":"publish","type":"page","link":"https:\/\/ibs-dev.com\/en\/","title":{"rendered":"Home"},"content":{"rendered":"<div data-elementor-type=\"wp-page\" data-elementor-id=\"5473\" class=\"elementor elementor-5473\">\n\t\t\t\t\t\t\t\t\t<section class=\"elementor-section elementor-top-section elementor-element elementor-element-3abd956b elementor-section-boxed elementor-section-height-default elementor-section-height-default\" data-id=\"3abd956b\" data-element_type=\"section\" data-settings=\"{&quot;background_background&quot;:&quot;classic&quot;}\">\n\t\t\t\t\t\t\t<div class=\"elementor-background-overlay\"><\/div>\n\t\t\t\t\t\t\t<div class=\"elementor-container elementor-column-gap-default\">\n\t\t\t\t\t<div class=\"elementor-column elementor-col-50 elementor-top-column elementor-element elementor-element-41c2a6c2 animated-slow elementor-invisible\" data-id=\"41c2a6c2\" data-element_type=\"column\" data-settings=\"{&quot;animation&quot;:&quot;fadeInUp&quot;}\">\n\t\t\t<div class=\"elementor-widget-wrap elementor-element-populated\">\n\t\t\t\t\t\t\t\t<div class=\"elementor-element elementor-element-5b49aa8b elementor-widget__width-initial elementor-widget elementor-widget-restly_about\" data-id=\"5b49aa8b\" data-element_type=\"widget\" data-widget_type=\"restly_about.default\">\n\t\t\t\t<div class=\"elementor-widget-container\">\n\t\t\t        <div class=\"restly-about-wrapper\">\r\n            <div class=\"restly-about-content text-left\">\r\n                                <h1 class=\"restly-about-stitle\"><span><\/span><\/h1>\r\n                                <h1 class=\"restly-about-title\">Welcome to ibs-dev !<\/h1>\r\n                <div class=\"restly-about-dec\">\r\n                    <p>Your partner for software development in industrial automation technology<\/p><p><\/p>                <\/div>\r\n            <\/div>\r\n        <\/div>\r\n        \t\t<\/div>\n\t\t\t\t<\/div>\n\t\t\t\t\t<\/div>\n\t\t<\/div>\n\t\t\t\t<div class=\"elementor-column elementor-col-50 elementor-top-column elementor-element elementor-element-540117b5\" data-id=\"540117b5\" data-element_type=\"column\">\n\t\t\t<div class=\"elementor-widget-wrap\">\n\t\t\t\t\t\t\t\t\t<\/div>\n\t\t<\/div>\n\t\t\t\t\t\t\t<\/div>\n\t\t<\/section>\n\t\t\t\t<section class=\"elementor-section elementor-top-section elementor-element elementor-element-2f8d46c1 elementor-section-boxed elementor-section-height-default elementor-section-height-default\" data-id=\"2f8d46c1\" data-element_type=\"section\" id=\"about\" data-settings=\"{&quot;background_background&quot;:&quot;classic&quot;}\">\n\t\t\t\t\t\t<div class=\"elementor-container elementor-column-gap-default\">\n\t\t\t\t\t<div class=\"elementor-column elementor-col-50 elementor-top-column elementor-element elementor-element-174504e1\" data-id=\"174504e1\" data-element_type=\"column\">\n\t\t\t<div class=\"elementor-widget-wrap elementor-element-populated\">\n\t\t\t\t\t\t\t\t<div class=\"elementor-element elementor-element-ed3f585 elementor-widget elementor-widget-restly_about\" data-id=\"ed3f585\" data-element_type=\"widget\" data-widget_type=\"restly_about.default\">\n\t\t\t\t<div class=\"elementor-widget-container\">\n\t\t\t        <div class=\"restly-about-wrapper\">\r\n            <div class=\"restly-about-content text-left\">\r\n                                <h2 class=\"restly-about-stitle\"><span><\/span><\/h6>\r\n                                <h2 class=\"restly-about-title\">We strengthen your competitiveness by developing modular and future-proof software for your flexible automation processes.<\/h2>\r\n                <div class=\"restly-about-dec\">\r\n                    <p>Our team of experienced experts supports you in developing efficient and future-proof software solutions that optimize your industrial automation processes and give your company a decisive competitive advantage.<\/p><p><em>Our focus is on the development of tailor-made software solutions for industrial automation technology that meet the individual requirements of each customer. <\/em><\/p><p><\/p>                <\/div>\r\n            <\/div>\r\n        <\/div>\r\n        \t\t<\/div>\n\t\t\t\t<\/div>\n\t\t\t\t\t<\/div>\n\t\t<\/div>\n\t\t\t\t<div class=\"elementor-column elementor-col-50 elementor-top-column elementor-element elementor-element-7e5f54d9\" data-id=\"7e5f54d9\" data-element_type=\"column\">\n\t\t\t<div class=\"elementor-widget-wrap elementor-element-populated\">\n\t\t\t\t\t\t\t\t<div class=\"elementor-element elementor-element-9ddb846 elementor-widget elementor-widget-image\" data-id=\"9ddb846\" data-element_type=\"widget\" data-widget_type=\"image.default\">\n\t\t\t\t<div class=\"elementor-widget-container\">\n\t\t\t<style>\/*! elementor - v3.18.0 - 06-12-2023 *\/\n.elementor-widget-image{text-align:center}.elementor-widget-image a{display:inline-block}.elementor-widget-image a img[src$=\".svg\"]{width:48px}.elementor-widget-image img{vertical-align:middle;display:inline-block}<\/style>\t\t\t\t\t\t\t\t\t\t\t\t<img fetchpriority=\"high\" decoding=\"async\" width=\"1024\" height=\"1024\" src=\"https:\/\/ibs-dev.com\/wp-content\/uploads\/2023\/05\/consultation1_optimized.jpg\" class=\"attachment-full size-full wp-image-7571\" alt=\"\" srcset=\"https:\/\/ibs-dev.com\/wp-content\/uploads\/2023\/05\/consultation1_optimized.jpg 1024w, https:\/\/ibs-dev.com\/wp-content\/uploads\/2023\/05\/consultation1_optimized-300x300.jpg 300w, https:\/\/ibs-dev.com\/wp-content\/uploads\/2023\/05\/consultation1_optimized-150x150.jpg 150w, https:\/\/ibs-dev.com\/wp-content\/uploads\/2023\/05\/consultation1_optimized-768x768.jpg 768w, https:\/\/ibs-dev.com\/wp-content\/uploads\/2023\/05\/consultation1_optimized-12x12.jpg 12w, https:\/\/ibs-dev.com\/wp-content\/uploads\/2023\/05\/consultation1_optimized-24x24.jpg 24w, https:\/\/ibs-dev.com\/wp-content\/uploads\/2023\/05\/consultation1_optimized-36x36.jpg 36w, https:\/\/ibs-dev.com\/wp-content\/uploads\/2023\/05\/consultation1_optimized-48x48.jpg 48w\" sizes=\"(max-width: 1024px) 100vw, 1024px\" \/>\t\t\t\t\t\t\t\t\t\t\t\t\t\t\t<\/div>\n\t\t\t\t<\/div>\n\t\t\t\t<div class=\"elementor-element elementor-element-4ab5234f elementor-widget elementor-widget-restly_Animation_shape\" data-id=\"4ab5234f\" data-element_type=\"widget\" data-widget_type=\"restly_Animation_shape.default\">\n\t\t\t\t<div class=\"elementor-widget-container\">\n\t\t\t        <img decoding=\"async\" src=\"https:\/\/ibs-dev.com\/wp-content\/uploads\/2023\/04\/about-shape.png\" alt=\"Restly Shape\" class=\"bubbleMover shapeanimation shape2\" style=\"-webkit-animation-name:shapeMover;            animation-name: shapeMover; animation-duration:9s;-webkit-animation-duration:9s\">\t\t<\/div>\n\t\t\t\t<\/div>\n\t\t\t\t\t<\/div>\n\t\t<\/div>\n\t\t\t\t\t\t\t<\/div>\n\t\t<\/section>\n\t\t\t\t<section class=\"elementor-section elementor-top-section elementor-element elementor-element-13e4fac elementor-section-boxed elementor-section-height-default elementor-section-height-default\" data-id=\"13e4fac\" data-element_type=\"section\" data-settings=\"{&quot;background_background&quot;:&quot;classic&quot;}\">\n\t\t\t\t\t\t<div class=\"elementor-container elementor-column-gap-default\">\n\t\t\t\t\t<div class=\"elementor-column elementor-col-100 elementor-top-column elementor-element elementor-element-f4a2412\" data-id=\"f4a2412\" data-element_type=\"column\">\n\t\t\t<div class=\"elementor-widget-wrap elementor-element-populated\">\n\t\t\t\t\t\t\t\t<section class=\"elementor-section elementor-inner-section elementor-element elementor-element-0590e02 elementor-reverse-mobile elementor-section-boxed elementor-section-height-default elementor-section-height-default\" data-id=\"0590e02\" data-element_type=\"section\">\n\t\t\t\t\t\t<div class=\"elementor-container elementor-column-gap-default\">\n\t\t\t\t\t<div class=\"elementor-column elementor-col-50 elementor-inner-column elementor-element elementor-element-7704c52\" data-id=\"7704c52\" data-element_type=\"column\">\n\t\t\t<div class=\"elementor-widget-wrap elementor-element-populated\">\n\t\t\t\t\t\t\t\t<div class=\"elementor-element elementor-element-441937f elementor-widget elementor-widget-image\" data-id=\"441937f\" data-element_type=\"widget\" data-widget_type=\"image.default\">\n\t\t\t\t<div class=\"elementor-widget-container\">\n\t\t\t\t\t\t\t\t\t\t\t\t\t\t\t<img decoding=\"async\" width=\"640\" height=\"774\" src=\"https:\/\/ibs-dev.com\/wp-content\/uploads\/2023\/05\/mj_group2_optimized-847x1024.jpg\" class=\"attachment-large size-large wp-image-7578\" alt=\"\" srcset=\"https:\/\/ibs-dev.com\/wp-content\/uploads\/2023\/05\/mj_group2_optimized-847x1024.jpg 847w, https:\/\/ibs-dev.com\/wp-content\/uploads\/2023\/05\/mj_group2_optimized-248x300.jpg 248w, https:\/\/ibs-dev.com\/wp-content\/uploads\/2023\/05\/mj_group2_optimized-768x929.jpg 768w, https:\/\/ibs-dev.com\/wp-content\/uploads\/2023\/05\/mj_group2_optimized-10x12.jpg 10w, https:\/\/ibs-dev.com\/wp-content\/uploads\/2023\/05\/mj_group2_optimized-20x24.jpg 20w, https:\/\/ibs-dev.com\/wp-content\/uploads\/2023\/05\/mj_group2_optimized-30x36.jpg 30w, https:\/\/ibs-dev.com\/wp-content\/uploads\/2023\/05\/mj_group2_optimized-40x48.jpg 40w, https:\/\/ibs-dev.com\/wp-content\/uploads\/2023\/05\/mj_group2_optimized.jpg 992w\" sizes=\"(max-width: 640px) 100vw, 640px\" \/>\t\t\t\t\t\t\t\t\t\t\t\t\t\t\t<\/div>\n\t\t\t\t<\/div>\n\t\t\t\t\t<\/div>\n\t\t<\/div>\n\t\t\t\t<div class=\"elementor-column elementor-col-50 elementor-inner-column elementor-element elementor-element-bafe450\" data-id=\"bafe450\" data-element_type=\"column\">\n\t\t\t<div class=\"elementor-widget-wrap elementor-element-populated\">\n\t\t\t\t\t\t\t\t<div class=\"elementor-element elementor-element-5f99838 elementor-widget elementor-widget-restly_about\" data-id=\"5f99838\" data-element_type=\"widget\" data-widget_type=\"restly_about.default\">\n\t\t\t\t<div class=\"elementor-widget-container\">\n\t\t\t        <div class=\"restly-about-wrapper\">\r\n            <div class=\"restly-about-content text-left\">\r\n                                <h2 class=\"restly-about-stitle\"><span><\/span><\/h6>\r\n                                <h2 class=\"restly-about-title\">We rely on both modern and proven technologies in our projects including .NET, Angular and WPF<\/h2>\r\n                <div class=\"restly-about-dec\">\r\n                    <p>In order to offer our customers scalable and future-proof solutions, we integrate innovative technologies such as Docker, Kubernetes and Artificial Intelligence (AI).<\/p><p><em>We attach great importance to unit testing to ensure the quality and desired behavior of our software solutions. In this way, we support you in ensuring a high overall availability of your automation solution. <\/em><\/p><p><\/p>                <\/div>\r\n            <\/div>\r\n        <\/div>\r\n        \t\t<\/div>\n\t\t\t\t<\/div>\n\t\t\t\t\t<\/div>\n\t\t<\/div>\n\t\t\t\t\t\t\t<\/div>\n\t\t<\/section>\n\t\t\t\t\t<\/div>\n\t\t<\/div>\n\t\t\t\t\t\t\t<\/div>\n\t\t<\/section>\n\t\t\t\t<section class=\"elementor-section elementor-top-section elementor-element elementor-element-19a16080 elementor-section-boxed elementor-section-height-default elementor-section-height-default\" data-id=\"19a16080\" data-element_type=\"section\" id=\"service\" data-settings=\"{&quot;background_background&quot;:&quot;classic&quot;}\">\n\t\t\t\t\t\t<div class=\"elementor-container elementor-column-gap-default\">\n\t\t\t\t\t<div class=\"elementor-column elementor-col-100 elementor-top-column elementor-element elementor-element-6e32d602\" data-id=\"6e32d602\" data-element_type=\"column\">\n\t\t\t<div class=\"elementor-widget-wrap elementor-element-populated\">\n\t\t\t\t\t\t\t\t<section class=\"elementor-section elementor-inner-section elementor-element elementor-element-63e549 elementor-section-boxed elementor-section-height-default elementor-section-height-default\" data-id=\"63e549\" data-element_type=\"section\">\n\t\t\t\t\t\t<div class=\"elementor-container elementor-column-gap-default\">\n\t\t\t\t\t<div class=\"elementor-column elementor-col-100 elementor-inner-column elementor-element elementor-element-793f1ea9\" data-id=\"793f1ea9\" data-element_type=\"column\">\n\t\t\t<div class=\"elementor-widget-wrap elementor-element-populated\">\n\t\t\t\t\t\t\t\t<div class=\"elementor-element elementor-element-3a1147c3 elementor-widget elementor-widget-restly_title\" data-id=\"3a1147c3\" data-element_type=\"widget\" data-widget_type=\"restly_title.default\">\n\t\t\t\t<div class=\"elementor-widget-container\">\n\t\t\t        <div class=\"restly-section-title-wrapper\">\r\n            <div class=\"restly-section-title\">\r\n                <h6 class=\"restly-section-stitle\"><span>How we work and what we do<\/span><\/h6>                <p class=\"restly-section-title\">\r\n                    Our way of working is characterized by agility, flexibility and a strong focus on the value-adding part of your project. Our way of working always strives for a Minimum Viable Product (MVP), which is subsequently expanded with additional functions.                                    <\/p> \r\n            <\/div>\r\n        <\/div>\r\n        \t\t<\/div>\n\t\t\t\t<\/div>\n\t\t\t\t\t<\/div>\n\t\t<\/div>\n\t\t\t\t\t\t\t<\/div>\n\t\t<\/section>\n\t\t\t\t<section class=\"elementor-section elementor-inner-section elementor-element elementor-element-7b20b3f3 elementor-section-boxed elementor-section-height-default elementor-section-height-default\" data-id=\"7b20b3f3\" data-element_type=\"section\">\n\t\t\t\t\t\t<div class=\"elementor-container elementor-column-gap-default\">\n\t\t\t\t\t<div class=\"elementor-column elementor-col-33 elementor-inner-column elementor-element elementor-element-fdeec6\" data-id=\"fdeec6\" data-element_type=\"column\">\n\t\t\t<div class=\"elementor-widget-wrap elementor-element-populated\">\n\t\t\t\t\t\t\t\t<div class=\"elementor-element elementor-element-5d86e978 elementor-widget elementor-widget-service_box\" data-id=\"5d86e978\" data-element_type=\"widget\" data-widget_type=\"service_box.default\">\n\t\t\t\t<div class=\"elementor-widget-container\">\n\t\t\t        <div class=\"restly-service-box-wrapper\">\r\n                        <div class=\"restly-service-two-box service-style-5 tran-04\">\r\n                                <div class=\"restly-service-two-contents tran-04 service-two-center\">\r\n                    <div class=\"restly-service-two-icon tran-04\">\r\n                                                    <i class=\"flaticon flaticon-software-development\"><\/i>\r\n                                            <\/div>\r\n                    <div class=\"service-two-content tran-04\">\r\n                        <h3 class=\"service-two-title tran-04\">Development of Algorithms<\/h3>\r\n                        <div class=\"service-two-dec tran-04\">\r\n                            <p><\/p>\r\n                        <\/div>\r\n                    <\/div>\r\n                <\/div>\r\n            <\/div>\r\n                        <\/div>\r\n        \t\t<\/div>\n\t\t\t\t<\/div>\n\t\t\t\t\t<\/div>\n\t\t<\/div>\n\t\t\t\t<div class=\"elementor-column elementor-col-33 elementor-inner-column elementor-element elementor-element-678ceb80\" data-id=\"678ceb80\" data-element_type=\"column\">\n\t\t\t<div class=\"elementor-widget-wrap elementor-element-populated\">\n\t\t\t\t\t\t\t\t<div class=\"elementor-element elementor-element-72b99a8 elementor-widget elementor-widget-service_box\" data-id=\"72b99a8\" data-element_type=\"widget\" data-widget_type=\"service_box.default\">\n\t\t\t\t<div class=\"elementor-widget-container\">\n\t\t\t        <div class=\"restly-service-box-wrapper\">\r\n                        <div class=\"restly-service-two-box service-style-5 tran-04\">\r\n                                <div class=\"restly-service-two-contents tran-04 service-two-center\">\r\n                    <div class=\"restly-service-two-icon tran-04\">\r\n                                                    <i class=\"flaticon flaticon-3d-printing\"><\/i>\r\n                                            <\/div>\r\n                    <div class=\"service-two-content tran-04\">\r\n                        <h3 class=\"service-two-title tran-04\">Interfaces<\/h3>\r\n                        <div class=\"service-two-dec tran-04\">\r\n                            <p><\/p>\r\n                        <\/div>\r\n                    <\/div>\r\n                <\/div>\r\n            <\/div>\r\n                        <\/div>\r\n        \t\t<\/div>\n\t\t\t\t<\/div>\n\t\t\t\t\t<\/div>\n\t\t<\/div>\n\t\t\t\t<div class=\"elementor-column elementor-col-33 elementor-inner-column elementor-element elementor-element-3043ab05\" data-id=\"3043ab05\" data-element_type=\"column\">\n\t\t\t<div class=\"elementor-widget-wrap elementor-element-populated\">\n\t\t\t\t\t\t\t\t<div class=\"elementor-element elementor-element-5e90a3c3 elementor-widget elementor-widget-service_box\" data-id=\"5e90a3c3\" data-element_type=\"widget\" data-widget_type=\"service_box.default\">\n\t\t\t\t<div class=\"elementor-widget-container\">\n\t\t\t        <div class=\"restly-service-box-wrapper\">\r\n                        <div class=\"restly-service-two-box service-style-5 tran-04\">\r\n                                <div class=\"restly-service-two-contents tran-04 service-two-center\">\r\n                    <div class=\"restly-service-two-icon tran-04\">\r\n                                                    <i class=\"flaticon flaticon-web-1\"><\/i>\r\n                                            <\/div>\r\n                    <div class=\"service-two-content tran-04\">\r\n                        <h3 class=\"service-two-title tran-04\">Backend and Web applications<\/h3>\r\n                        <div class=\"service-two-dec tran-04\">\r\n                            <p><\/p>\r\n                        <\/div>\r\n                    <\/div>\r\n                <\/div>\r\n            <\/div>\r\n                        <\/div>\r\n        \t\t<\/div>\n\t\t\t\t<\/div>\n\t\t\t\t\t<\/div>\n\t\t<\/div>\n\t\t\t\t\t\t\t<\/div>\n\t\t<\/section>\n\t\t\t\t\t<\/div>\n\t\t<\/div>\n\t\t\t\t\t\t\t<\/div>\n\t\t<\/section>\n\t\t\t\t<section class=\"elementor-section elementor-top-section elementor-element elementor-element-e756463 elementor-section-boxed elementor-section-height-default elementor-section-height-default\" data-id=\"e756463\" data-element_type=\"section\">\n\t\t\t\t\t\t<div class=\"elementor-container elementor-column-gap-default\">\n\t\t\t\t\t<div class=\"elementor-column elementor-col-100 elementor-top-column elementor-element elementor-element-2a8cfcf\" data-id=\"2a8cfcf\" data-element_type=\"column\">\n\t\t\t<div class=\"elementor-widget-wrap elementor-element-populated\">\n\t\t\t\t\t\t\t\t<div class=\"elementor-element elementor-element-7ae13e7 elementor-widget elementor-widget-restly_title\" data-id=\"7ae13e7\" data-element_type=\"widget\" data-widget_type=\"restly_title.default\">\n\t\t\t\t<div class=\"elementor-widget-container\">\n\t\t\t        <div class=\"restly-section-title-wrapper\">\r\n            <div class=\"restly-section-title\">\r\n                                <h2 class=\"restly-section-title\">\r\n                    At ibs-dev, we attach great importance to reliability, open communication and transparency. Our goal is to build long-lasting partnerships and offer our customers maximum added value.                                    <\/h2> \r\n            <\/div>\r\n        <\/div>\r\n        \t\t<\/div>\n\t\t\t\t<\/div>\n\t\t\t\t<div class=\"elementor-element elementor-element-fbeb0d2 elementor-widget-divider--view-line elementor-widget elementor-widget-divider\" data-id=\"fbeb0d2\" data-element_type=\"widget\" data-widget_type=\"divider.default\">\n\t\t\t\t<div class=\"elementor-widget-container\">\n\t\t\t<style>\/*! elementor - v3.18.0 - 06-12-2023 *\/\n.elementor-widget-divider{--divider-border-style:none;--divider-border-width:1px;--divider-color:#0c0d0e;--divider-icon-size:20px;--divider-element-spacing:10px;--divider-pattern-height:24px;--divider-pattern-size:20px;--divider-pattern-url:none;--divider-pattern-repeat:repeat-x}.elementor-widget-divider .elementor-divider{display:flex}.elementor-widget-divider .elementor-divider__text{font-size:15px;line-height:1;max-width:95%}.elementor-widget-divider .elementor-divider__element{margin:0 var(--divider-element-spacing);flex-shrink:0}.elementor-widget-divider .elementor-icon{font-size:var(--divider-icon-size)}.elementor-widget-divider .elementor-divider-separator{display:flex;margin:0;direction:ltr}.elementor-widget-divider--view-line_icon .elementor-divider-separator,.elementor-widget-divider--view-line_text .elementor-divider-separator{align-items:center}.elementor-widget-divider--view-line_icon .elementor-divider-separator:after,.elementor-widget-divider--view-line_icon .elementor-divider-separator:before,.elementor-widget-divider--view-line_text .elementor-divider-separator:after,.elementor-widget-divider--view-line_text .elementor-divider-separator:before{display:block;content:\"\";border-bottom:0;flex-grow:1;border-top:var(--divider-border-width) var(--divider-border-style) var(--divider-color)}.elementor-widget-divider--element-align-left .elementor-divider .elementor-divider-separator>.elementor-divider__svg:first-of-type{flex-grow:0;flex-shrink:100}.elementor-widget-divider--element-align-left .elementor-divider-separator:before{content:none}.elementor-widget-divider--element-align-left .elementor-divider__element{margin-left:0}.elementor-widget-divider--element-align-right .elementor-divider .elementor-divider-separator>.elementor-divider__svg:last-of-type{flex-grow:0;flex-shrink:100}.elementor-widget-divider--element-align-right .elementor-divider-separator:after{content:none}.elementor-widget-divider--element-align-right .elementor-divider__element{margin-right:0}.elementor-widget-divider:not(.elementor-widget-divider--view-line_text):not(.elementor-widget-divider--view-line_icon) .elementor-divider-separator{border-top:var(--divider-border-width) var(--divider-border-style) var(--divider-color)}.elementor-widget-divider--separator-type-pattern{--divider-border-style:none}.elementor-widget-divider--separator-type-pattern.elementor-widget-divider--view-line .elementor-divider-separator,.elementor-widget-divider--separator-type-pattern:not(.elementor-widget-divider--view-line) .elementor-divider-separator:after,.elementor-widget-divider--separator-type-pattern:not(.elementor-widget-divider--view-line) .elementor-divider-separator:before,.elementor-widget-divider--separator-type-pattern:not([class*=elementor-widget-divider--view]) .elementor-divider-separator{width:100%;min-height:var(--divider-pattern-height);-webkit-mask-size:var(--divider-pattern-size) 100%;mask-size:var(--divider-pattern-size) 100%;-webkit-mask-repeat:var(--divider-pattern-repeat);mask-repeat:var(--divider-pattern-repeat);background-color:var(--divider-color);-webkit-mask-image:var(--divider-pattern-url);mask-image:var(--divider-pattern-url)}.elementor-widget-divider--no-spacing{--divider-pattern-size:auto}.elementor-widget-divider--bg-round{--divider-pattern-repeat:round}.rtl .elementor-widget-divider .elementor-divider__text{direction:rtl}.e-con-inner>.elementor-widget-divider,.e-con>.elementor-widget-divider{width:var(--container-widget-width,100%);--flex-grow:var(--container-widget-flex-grow)}<\/style>\t\t<div class=\"elementor-divider\">\n\t\t\t<span class=\"elementor-divider-separator\">\n\t\t\t\t\t\t<\/span>\n\t\t<\/div>\n\t\t\t\t<\/div>\n\t\t\t\t<\/div>\n\t\t\t\t\t<\/div>\n\t\t<\/div>\n\t\t\t\t\t\t\t<\/div>\n\t\t<\/section>\n\t\t\t\t<section class=\"elementor-section elementor-top-section elementor-element elementor-element-f3343ec elementor-section-height-min-height elementor-section-boxed elementor-section-height-default elementor-section-items-middle\" data-id=\"f3343ec\" data-element_type=\"section\" data-settings=\"{&quot;background_background&quot;:&quot;classic&quot;}\">\n\t\t\t\t\t\t<div class=\"elementor-container elementor-column-gap-default\">\n\t\t\t\t\t<div class=\"elementor-column elementor-col-100 elementor-top-column elementor-element elementor-element-0dbd2c5\" data-id=\"0dbd2c5\" data-element_type=\"column\">\n\t\t\t<div class=\"elementor-widget-wrap elementor-element-populated\">\n\t\t\t\t\t\t\t\t<div class=\"elementor-element elementor-element-a77c964 elementor-widget elementor-widget-heading\" data-id=\"a77c964\" data-element_type=\"widget\" data-widget_type=\"heading.default\">\n\t\t\t\t<div class=\"elementor-widget-container\">\n\t\t\t<style>\/*! elementor - v3.18.0 - 06-12-2023 *\/\n.elementor-heading-title{padding:0;margin:0;line-height:1}.elementor-widget-heading .elementor-heading-title[class*=elementor-size-]>a{color:inherit;font-size:inherit;line-height:inherit}.elementor-widget-heading .elementor-heading-title.elementor-size-small{font-size:15px}.elementor-widget-heading .elementor-heading-title.elementor-size-medium{font-size:19px}.elementor-widget-heading .elementor-heading-title.elementor-size-large{font-size:29px}.elementor-widget-heading .elementor-heading-title.elementor-size-xl{font-size:39px}.elementor-widget-heading .elementor-heading-title.elementor-size-xxl{font-size:59px}<\/style><h3 class=\"elementor-heading-title elementor-size-default\">Contact us for a non-binding introductory meeting<br><br>+49 8053 5981495<\/h3>\t\t<\/div>\n\t\t\t\t<\/div>\n\t\t\t\t\t<\/div>\n\t\t<\/div>\n\t\t\t\t\t\t\t<\/div>\n\t\t<\/section>\n\t\t\t\t\t\t\t<\/div>","protected":false},"excerpt":{"rendered":"<p>Willkommen bei ibs-dev ! Ihrem Partner f\u00fcr Softwareentwicklung in der industriellen Automatisierungstechnik Wir st\u00e4rken Ihre Wettbewerbsf\u00e4higkeit durch Entwicklung von modularer und zukunftssicherer Software f\u00fcr Ihre flexiblen Automationsprozesse. Unser Team aus erfahrenen Experten unterst\u00fctzt Sie dabei, effiziente und zukunftssichere Softwarel\u00f6sungen zu entwickeln, die Ihre industriellen Automationsprozesse optimieren und Ihrem Unternehmen einen entscheidenden Wettbewerbsvorteil verschaffen. Unser Fokus [&hellip;]<\/p>","protected":false},"author":1,"featured_media":0,"parent":0,"menu_order":0,"comment_status":"closed","ping_status":"closed","template":"template-home.php","meta":{"footnotes":""},"class_list":["post-5473","page","type-page","status-publish","hentry"],"_links":{"self":[{"href":"https:\/\/ibs-dev.com\/en\/wp-json\/wp\/v2\/pages\/5473","targetHints":{"allow":["GET"]}}],"collection":[{"href":"https:\/\/ibs-dev.com\/en\/wp-json\/wp\/v2\/pages"}],"about":[{"href":"https:\/\/ibs-dev.com\/en\/wp-json\/wp\/v2\/types\/page"}],"author":[{"embeddable":true,"href":"https:\/\/ibs-dev.com\/en\/wp-json\/wp\/v2\/users\/1"}],"replies":[{"embeddable":true,"href":"https:\/\/ibs-dev.com\/en\/wp-json\/wp\/v2\/comments?post=5473"}],"version-history":[{"count":71,"href":"https:\/\/ibs-dev.com\/en\/wp-json\/wp\/v2\/pages\/5473\/revisions"}],"predecessor-version":[{"id":7958,"href":"https:\/\/ibs-dev.com\/en\/wp-json\/wp\/v2\/pages\/5473\/revisions\/7958"}],"wp:attachment":[{"href":"https:\/\/ibs-dev.com\/en\/wp-json\/wp\/v2\/media?parent=5473"}],"curies":[{"name":"wp","href":"https:\/\/api.w.org\/{rel}","templated":true}]}}